{"id":935,"date":"2024-02-19T11:29:30","date_gmt":"2024-02-19T17:29:30","guid":{"rendered":"https:\/\/aliwareint.com\/?page_id=935"},"modified":"2024-02-19T11:40:47","modified_gmt":"2024-02-19T17:40:47","slug":"politica-de-privacidad","status":"publish","type":"page","link":"https:\/\/aliware.io\/es\/politica-de-privacidad\/","title":{"rendered":"Pol\u00edtica de privacidad"},"content":{"rendered":"\t\t<div data-elementor-type=\"wp-page\" data-elementor-id=\"935\" class=\"elementor elementor-935\" data-elementor-post-type=\"page\">\n\t\t\t\t\t\t<section class=\"elementor-section elementor-top-section elementor-element elementor-element-bdbf043 elementor-section-boxed elementor-section-height-default elementor-section-height-default\" data-id=\"bdbf043\" data-element_type=\"section\" data-e-type=\"section\">\n\t\t\t\t\t\t<div class=\"elementor-container elementor-column-gap-default\">\n\t\t\t\t\t<div class=\"elementor-column elementor-col-100 elementor-top-column elementor-element elementor-element-7f11416\" data-id=\"7f11416\" data-element_type=\"column\" data-e-type=\"column\">\n\t\t\t<div class=\"elementor-widget-wrap elementor-element-populated\">\n\t\t\t\t\t\t<div class=\"elementor-element elementor-element-2b743a4 elementor-widget elementor-widget-heading\" data-id=\"2b743a4\" data-element_type=\"widget\" data-e-type=\"widget\" data-widget_type=\"heading.default\">\n\t\t\t\t<div class=\"elementor-widget-container\">\n\t\t\t\t\t<h2 class=\"elementor-heading-title elementor-size-default\">Pol\u00edtica de privacidad<\/h2>\t\t\t\t<\/div>\n\t\t\t\t<\/div>\n\t\t\t\t\t<\/div>\n\t\t<\/div>\n\t\t\t\t\t<\/div>\n\t\t<\/section>\n\t\t\t\t<section class=\"elementor-section elementor-top-section elementor-element elementor-element-5cd1146 elementor-section-boxed elementor-section-height-default elementor-section-height-default\" data-id=\"5cd1146\" data-element_type=\"section\" data-e-type=\"section\">\n\t\t\t\t\t\t<div class=\"elementor-container elementor-column-gap-default\">\n\t\t\t\t\t<div class=\"elementor-column elementor-col-100 elementor-top-column elementor-element elementor-element-3c2c321\" data-id=\"3c2c321\" data-element_type=\"column\" data-e-type=\"column\">\n\t\t\t<div class=\"elementor-widget-wrap elementor-element-populated\">\n\t\t\t\t\t\t<div class=\"elementor-element elementor-element-34a68c3 elementor-widget elementor-widget-text-editor\" data-id=\"34a68c3\" data-element_type=\"widget\" data-e-type=\"widget\" data-widget_type=\"text-editor.default\">\n\t\t\t\t<div class=\"elementor-widget-container\">\n\t\t\t\t\t\t\t\t\t<p>Fecha de entrada en vigor: 19\/02\/2024<\/p><p>Gracias por visitar el sitio web de Aliware International. Nos tomamos muy en serio la protecci\u00f3n de su privacidad y la seguridad de sus datos personales. Esta Pol\u00edtica de Privacidad describe c\u00f3mo recopilamos, utilizamos y protegemos la informaci\u00f3n que nos proporciona al usar nuestro sitio web.<\/p><p><strong>1. Informaci\u00f3n que Recopilamos:<\/strong><\/p><p><strong> Informaci\u00f3n Personal:<\/strong><\/p><ul><li>Nombre<\/li><li>Direcci\u00f3n de correo electr\u00f3nico<\/li><li>N\u00famero de tel\u00e9fono<\/li><li>Cargo<\/li><li>Empresa<\/li><li>Informaci\u00f3n de facturaci\u00f3n y env\u00edo<\/li><\/ul><p><strong>Informaci\u00f3n No Personal:<\/strong><\/p><ul><li>Datos demogr\u00e1ficos<\/li><li>Preferencias del usuario<\/li><li>Informaci\u00f3n del dispositivo y del navegador<\/li><\/ul><p>\u00a0<\/p><p><strong>2. Uso de la Informaci\u00f3n:<\/strong><\/p><p>Utilizamos la informaci\u00f3n recopilada para:<\/p><ul><li>Procesar pedidos y transacciones<\/li><li>Personalizar la experiencia del usuario &#8211; Enviar actualizaciones y comunicaciones de marketing<\/li><li>Mejorar y mantener la funcionalidad del sitio web<\/li><li>Cumplir con obligaciones legales<\/li><li>\u00a0<\/li><\/ul><p><strong>3. Compartir Informaci\u00f3n: <\/strong><\/p><p>No vendemos ni compartimos su informaci\u00f3n personal con terceros no afiliados, excepto cuando sea necesario para cumplir con requisitos legales o proteger nuestros derechos.<\/p><p>\u00a0<\/p><p><strong> 4. Cookies y Tecnolog\u00edas Similares:<\/strong><\/p><p>Utilizamos cookies y tecnolog\u00edas similares para mejorar la experiencia del usuario y recopilar informaci\u00f3n no personal. Puede ajustar la configuraci\u00f3n de su navegador para gestionar las preferencias de cookies.<\/p><p>\u00a0<\/p><p><strong>5. Seguridad de la Informaci\u00f3n: <\/strong><\/p><p>Implementamos medidas de seguridad para proteger la informaci\u00f3n recopilada. Sin embargo, ninguna transmisi\u00f3n por Internet o sistema de almacenamiento es completamente seguro; por lo tanto, no podemos garantizar la seguridad de la informaci\u00f3n transmitida.<\/p><p><strong>6. Enlaces a Sitios de Terceros:<\/strong><\/p><p>Nuestro sitio web puede contener enlaces a sitios de terceros. No nos hacemos responsables de las pr\u00e1cticas de privacidad de estos sitios y le recomendamos revisar sus pol\u00edticas de privacidad.<\/p><p>\u00a0<\/p><p><strong>7. Cambios en la Pol\u00edtica de Privacidad: <\/strong><\/p><p>Nos reservamos el derecho de actualizar esta Pol\u00edtica de Privacidad en cualquier momento. Los cambios entrar\u00e1n en vigor al ser publicados en nuestro sitio web.<\/p><p>\u00a0<\/p><p><strong>8. Cont\u00e1ctenos: <\/strong><\/p><p>Si tiene preguntas sobre esta Pol\u00edtica de Privacidad, comun\u00edquese con nosotros a trav\u00e9s de marketing@aliwareint.com Al utilizar nuestro sitio web, usted acepta los t\u00e9rminos de esta Pol\u00edtica de Privacidad.<\/p><p><strong> Gracias por confiar en Aliware International.<\/strong><\/p>\t\t\t\t\t\t\t\t<\/div>\n\t\t\t\t<\/div>\n\t\t\t\t\t<\/div>\n\t\t<\/div>\n\t\t\t\t\t<\/div>\n\t\t<\/section>\n\t\t\t\t<\/div>\n\t\t","protected":false},"excerpt":{"rendered":"<p>Pol\u00edtica de privacidad Fecha de entrada en vigor: 19\/02\/2024 Gracias por visitar el sitio web de Aliware International. Nos tomamos muy en serio la protecci\u00f3n de su privacidad y la seguridad de sus datos personales. Esta Pol\u00edtica de Privacidad describe c\u00f3mo recopilamos, utilizamos y protegemos la informaci\u00f3n que nos proporciona al usar nuestro sitio web. [&hellip;]<\/p>\n","protected":false},"author":1,"featured_media":0,"parent":0,"menu_order":0,"comment_status":"closed","ping_status":"closed","template":"elementor_header_footer","meta":{"footnotes":""},"class_list":["post-935","page","type-page","status-publish","hentry"],"yoast_head":"<!-- This site is optimized with the Yoast SEO plugin v27.1.1 - https:\/\/yoast.com\/product\/yoast-seo-wordpress\/ -->\n<title>Pol\u00edtica de privacidad - Aliware<\/title>\n<meta name=\"robots\" content=\"index, follow, max-snippet:-1, max-image-preview:large, max-video-preview:-1\" \/>\n<link rel=\"canonical\" href=\"https:\/\/aliware.io\/es\/politica-de-privacidad\/\" \/>\n<meta property=\"og:locale\" content=\"es_ES\" \/>\n<meta property=\"og:type\" content=\"article\" \/>\n<meta property=\"og:title\" content=\"Pol\u00edtica de privacidad - Aliware\" \/>\n<meta property=\"og:description\" content=\"Pol\u00edtica de privacidad Fecha de entrada en vigor: 19\/02\/2024 Gracias por visitar el sitio web de Aliware International. Nos tomamos muy en serio la protecci\u00f3n de su privacidad y la seguridad de sus datos personales. Esta Pol\u00edtica de Privacidad describe c\u00f3mo recopilamos, utilizamos y protegemos la informaci\u00f3n que nos proporciona al usar nuestro sitio web. [&hellip;]\" \/>\n<meta property=\"og:url\" content=\"https:\/\/aliware.io\/es\/politica-de-privacidad\/\" \/>\n<meta property=\"og:site_name\" content=\"Aliware\" \/>\n<meta property=\"article:modified_time\" content=\"2024-02-19T17:40:47+00:00\" \/>\n<meta name=\"twitter:card\" content=\"summary_large_image\" \/>\n<meta name=\"twitter:label1\" content=\"Tiempo de lectura\" \/>\n\t<meta name=\"twitter:data1\" content=\"2 minutos\" \/>\n<script type=\"application\/ld+json\" class=\"yoast-schema-graph\">{\"@context\":\"https:\/\/schema.org\",\"@graph\":[{\"@type\":\"WebPage\",\"@id\":\"https:\/\/aliware.io\/en\/politica-de-privacidad\/\",\"url\":\"https:\/\/aliware.io\/en\/politica-de-privacidad\/\",\"name\":\"Pol\u00edtica de privacidad - Aliware\",\"isPartOf\":{\"@id\":\"https:\/\/aliware.io\/#website\"},\"datePublished\":\"2024-02-19T17:29:30+00:00\",\"dateModified\":\"2024-02-19T17:40:47+00:00\",\"breadcrumb\":{\"@id\":\"https:\/\/aliware.io\/en\/politica-de-privacidad\/#breadcrumb\"},\"inLanguage\":\"es\",\"potentialAction\":[{\"@type\":\"ReadAction\",\"target\":[\"https:\/\/aliware.io\/en\/politica-de-privacidad\/\"]}]},{\"@type\":\"BreadcrumbList\",\"@id\":\"https:\/\/aliware.io\/en\/politica-de-privacidad\/#breadcrumb\",\"itemListElement\":[{\"@type\":\"ListItem\",\"position\":1,\"name\":\"Portada\",\"item\":\"https:\/\/aliware.io\/es\/\"},{\"@type\":\"ListItem\",\"position\":2,\"name\":\"Pol\u00edtica de privacidad\"}]},{\"@type\":\"WebSite\",\"@id\":\"https:\/\/aliware.io\/#website\",\"url\":\"https:\/\/aliware.io\/\",\"name\":\"Aliware\",\"description\":\"Consultora de Transformaci\u00f3n Digital e Industria 4.0\",\"publisher\":{\"@id\":\"https:\/\/aliware.io\/#organization\"},\"potentialAction\":[{\"@type\":\"SearchAction\",\"target\":{\"@type\":\"EntryPoint\",\"urlTemplate\":\"https:\/\/aliware.io\/?s={search_term_string}\"},\"query-input\":{\"@type\":\"PropertyValueSpecification\",\"valueRequired\":true,\"valueName\":\"search_term_string\"}}],\"inLanguage\":\"es\"},{\"@type\":\"Organization\",\"@id\":\"https:\/\/aliware.io\/#organization\",\"name\":\"Aliware\",\"url\":\"https:\/\/aliware.io\/\",\"logo\":{\"@type\":\"ImageObject\",\"inLanguage\":\"es\",\"@id\":\"https:\/\/aliware.io\/#\/schema\/logo\/image\/\",\"url\":\"https:\/\/aliware.io\/wp-content\/uploads\/2023\/03\/LOGO-ALIWARE-2.svg\",\"contentUrl\":\"https:\/\/aliware.io\/wp-content\/uploads\/2023\/03\/LOGO-ALIWARE-2.svg\",\"width\":1080,\"height\":285,\"caption\":\"Aliware\"},\"image\":{\"@id\":\"https:\/\/aliware.io\/#\/schema\/logo\/image\/\"}}]}<\/script>\n<!-- \/ Yoast SEO plugin. -->","yoast_head_json":{"title":"Pol\u00edtica de privacidad - Aliware","robots":{"index":"index","follow":"follow","max-snippet":"max-snippet:-1","max-image-preview":"max-image-preview:large","max-video-preview":"max-video-preview:-1"},"canonical":"https:\/\/aliware.io\/es\/politica-de-privacidad\/","og_locale":"es_ES","og_type":"article","og_title":"Pol\u00edtica de privacidad - Aliware","og_description":"Pol\u00edtica de privacidad Fecha de entrada en vigor: 19\/02\/2024 Gracias por visitar el sitio web de Aliware International. Nos tomamos muy en serio la protecci\u00f3n de su privacidad y la seguridad de sus datos personales. Esta Pol\u00edtica de Privacidad describe c\u00f3mo recopilamos, utilizamos y protegemos la informaci\u00f3n que nos proporciona al usar nuestro sitio web. [&hellip;]","og_url":"https:\/\/aliware.io\/es\/politica-de-privacidad\/","og_site_name":"Aliware","article_modified_time":"2024-02-19T17:40:47+00:00","twitter_card":"summary_large_image","twitter_misc":{"Tiempo de lectura":"2 minutos"},"schema":{"@context":"https:\/\/schema.org","@graph":[{"@type":"WebPage","@id":"https:\/\/aliware.io\/en\/politica-de-privacidad\/","url":"https:\/\/aliware.io\/en\/politica-de-privacidad\/","name":"Pol\u00edtica de privacidad - Aliware","isPartOf":{"@id":"https:\/\/aliware.io\/#website"},"datePublished":"2024-02-19T17:29:30+00:00","dateModified":"2024-02-19T17:40:47+00:00","breadcrumb":{"@id":"https:\/\/aliware.io\/en\/politica-de-privacidad\/#breadcrumb"},"inLanguage":"es","potentialAction":[{"@type":"ReadAction","target":["https:\/\/aliware.io\/en\/politica-de-privacidad\/"]}]},{"@type":"BreadcrumbList","@id":"https:\/\/aliware.io\/en\/politica-de-privacidad\/#breadcrumb","itemListElement":[{"@type":"ListItem","position":1,"name":"Portada","item":"https:\/\/aliware.io\/es\/"},{"@type":"ListItem","position":2,"name":"Pol\u00edtica de privacidad"}]},{"@type":"WebSite","@id":"https:\/\/aliware.io\/#website","url":"https:\/\/aliware.io\/","name":"Aliware","description":"Consultora de Transformaci\u00f3n Digital e Industria 4.0","publisher":{"@id":"https:\/\/aliware.io\/#organization"},"potentialAction":[{"@type":"SearchAction","target":{"@type":"EntryPoint","urlTemplate":"https:\/\/aliware.io\/?s={search_term_string}"},"query-input":{"@type":"PropertyValueSpecification","valueRequired":true,"valueName":"search_term_string"}}],"inLanguage":"es"},{"@type":"Organization","@id":"https:\/\/aliware.io\/#organization","name":"Aliware","url":"https:\/\/aliware.io\/","logo":{"@type":"ImageObject","inLanguage":"es","@id":"https:\/\/aliware.io\/#\/schema\/logo\/image\/","url":"https:\/\/aliware.io\/wp-content\/uploads\/2023\/03\/LOGO-ALIWARE-2.svg","contentUrl":"https:\/\/aliware.io\/wp-content\/uploads\/2023\/03\/LOGO-ALIWARE-2.svg","width":1080,"height":285,"caption":"Aliware"},"image":{"@id":"https:\/\/aliware.io\/#\/schema\/logo\/image\/"}}]}},"_links":{"self":[{"href":"https:\/\/aliware.io\/es\/wp-json\/wp\/v2\/pages\/935","targetHints":{"allow":["GET"]}}],"collection":[{"href":"https:\/\/aliware.io\/es\/wp-json\/wp\/v2\/pages"}],"about":[{"href":"https:\/\/aliware.io\/es\/wp-json\/wp\/v2\/types\/page"}],"author":[{"embeddable":true,"href":"https:\/\/aliware.io\/es\/wp-json\/wp\/v2\/users\/1"}],"replies":[{"embeddable":true,"href":"https:\/\/aliware.io\/es\/wp-json\/wp\/v2\/comments?post=935"}],"version-history":[{"count":4,"href":"https:\/\/aliware.io\/es\/wp-json\/wp\/v2\/pages\/935\/revisions"}],"predecessor-version":[{"id":940,"href":"https:\/\/aliware.io\/es\/wp-json\/wp\/v2\/pages\/935\/revisions\/940"}],"wp:attachment":[{"href":"https:\/\/aliware.io\/es\/wp-json\/wp\/v2\/media?parent=935"}],"curies":[{"name":"wp","href":"https:\/\/api.w.org\/{rel}","templated":true}]}}